{"id":996,"date":"2025-01-15T00:52:58","date_gmt":"2025-01-14T23:52:58","guid":{"rendered":"https:\/\/metrnametrkwadrat.pl\/?page_id=996"},"modified":"2025-02-28T13:58:05","modified_gmt":"2025-02-28T12:58:05","slug":"projekt-1","status":"publish","type":"page","link":"https:\/\/metrnametrkwadrat.pl\/?page_id=996","title":{"rendered":"Elegancki salon z kuchni\u0105 &#8211; Straszyn k. Gda\u0144ska"},"content":{"rendered":"\t\t<div data-elementor-type=\"wp-page\" data-elementor-id=\"996\" class=\"elementor elementor-996\">\n\t\t\t\t<div class=\"elementor-element elementor-element-aadcdfd e-flex e-con-boxed e-con e-parent\" data-id=\"aadcdfd\" data-element_type=\"container\" data-settings=\"{&quot;background_background&quot;:&quot;classic&quot;}\">\n\t\t\t\t\t<div class=\"e-con-inner\">\n\t\t\t\t<div class=\"elementor-element elementor-element-d2a554c elementor-widget elementor-widget-text-editor\" data-id=\"d2a554c\" data-element_type=\"widget\" data-widget_type=\"text-editor.default\">\n\t\t\t\t<div class=\"elementor-widget-container\">\n\t\t\t\t\t\t\t\t\t<p>Elegancki salon z kuchni\u0105 w nowowybudowanym zespole budynk\u00f3w w Straszynie ko\u0142o Gda\u0144ska. Przestrze\u0144 dla rodziny lubi\u0105cej wygod\u0119 i komfort.<\/p>\t\t\t\t\t\t\t\t<\/div>\n\t\t\t\t<\/div>\n\t\t\t\t\t<\/div>\n\t\t\t\t<\/div>\n\t\t<div class=\"elementor-element elementor-element-00f22f9 e-flex e-con-boxed e-con e-parent\" data-id=\"00f22f9\" data-element_type=\"container\" data-settings=\"{&quot;background_background&quot;:&quot;classic&quot;}\">\n\t\t\t\t\t<div class=\"e-con-inner\">\n\t\t\t\t<div class=\"elementor-element elementor-element-c293418 elementor-widget elementor-widget-text-editor\" data-id=\"c293418\" data-element_type=\"widget\" data-widget_type=\"text-editor.default\">\n\t\t\t\t<div class=\"elementor-widget-container\">\n\t\t\t\t\t\t\t\t\t<p>Nowoczesno\u015b\u0107, nieprzeci\u0119tne dodatki i gra r\u00f3\u017cnych \u017ar\u00f3de\u0142 o\u015bwietlenia nadaj\u0105 mu wyj\u0105tkowy charakter.<\/p>\t\t\t\t\t\t\t\t<\/div>\n\t\t\t\t<\/div>\n\t\t\t\t\t<\/div>\n\t\t\t\t<\/div>\n\t\t<div class=\"elementor-element elementor-element-aa8f81c e-grid e-con-boxed e-con e-parent\" data-id=\"aa8f81c\" data-element_type=\"container\" data-settings=\"{&quot;background_background&quot;:&quot;classic&quot;}\">\n\t\t\t\t\t<div class=\"e-con-inner\">\n\t\t\t\t<div class=\"elementor-element elementor-element-ff126d6 elementor-widget elementor-widget-image\" data-id=\"ff126d6\" data-element_type=\"widget\" data-widget_type=\"image.default\">\n\t\t\t\t<div class=\"elementor-widget-container\">\n\t\t\t\t\t\t\t\t\t\t\t\t\t\t\t<img fetchpriority=\"high\" decoding=\"async\" width=\"1024\" height=\"576\" src=\"https:\/\/metrnametrkwadrat.pl\/wp-content\/uploads\/2025\/02\/609_Jasienskie-1024x576.png\" class=\"attachment-large size-large wp-image-1727\" alt=\"\" srcset=\"https:\/\/metrnametrkwadrat.pl\/wp-content\/uploads\/2025\/02\/609_Jasienskie-1024x576.png 1024w, https:\/\/metrnametrkwadrat.pl\/wp-content\/uploads\/2025\/02\/609_Jasienskie-300x169.png 300w, https:\/\/metrnametrkwadrat.pl\/wp-content\/uploads\/2025\/02\/609_Jasienskie-768x432.png 768w, https:\/\/metrnametrkwadrat.pl\/wp-content\/uploads\/2025\/02\/609_Jasienskie-1536x864.png 1536w, https:\/\/metrnametrkwadrat.pl\/wp-content\/uploads\/2025\/02\/609_Jasienskie.png 1920w\" sizes=\"(max-width: 1024px) 100vw, 1024px\" \/>\t\t\t\t\t\t\t\t\t\t\t\t\t\t\t<\/div>\n\t\t\t\t<\/div>\n\t\t\t\t<div class=\"elementor-element elementor-element-b5b77c3 elementor-widget elementor-widget-image\" data-id=\"b5b77c3\" data-element_type=\"widget\" data-widget_type=\"image.default\">\n\t\t\t\t<div class=\"elementor-widget-container\">\n\t\t\t\t\t\t\t\t\t\t\t\t\t\t\t<img decoding=\"async\" width=\"1024\" height=\"576\" src=\"https:\/\/metrnametrkwadrat.pl\/wp-content\/uploads\/2025\/02\/609_Jasienskie_2-1024x576.png\" class=\"attachment-large size-large wp-image-1728\" alt=\"\" srcset=\"https:\/\/metrnametrkwadrat.pl\/wp-content\/uploads\/2025\/02\/609_Jasienskie_2-1024x576.png 1024w, https:\/\/metrnametrkwadrat.pl\/wp-content\/uploads\/2025\/02\/609_Jasienskie_2-300x169.png 300w, https:\/\/metrnametrkwadrat.pl\/wp-content\/uploads\/2025\/02\/609_Jasienskie_2-768x432.png 768w, https:\/\/metrnametrkwadrat.pl\/wp-content\/uploads\/2025\/02\/609_Jasienskie_2-1536x864.png 1536w, https:\/\/metrnametrkwadrat.pl\/wp-content\/uploads\/2025\/02\/609_Jasienskie_2.png 1920w\" sizes=\"(max-width: 1024px) 100vw, 1024px\" \/>\t\t\t\t\t\t\t\t\t\t\t\t\t\t\t<\/div>\n\t\t\t\t<\/div>\n\t\t\t\t<div class=\"elementor-element elementor-element-66554f7 elementor-widget elementor-widget-image\" data-id=\"66554f7\" data-element_type=\"widget\" data-widget_type=\"image.default\">\n\t\t\t\t<div class=\"elementor-widget-container\">\n\t\t\t\t\t\t\t\t\t\t\t\t\t\t\t<img decoding=\"async\" width=\"1024\" height=\"576\" src=\"https:\/\/metrnametrkwadrat.pl\/wp-content\/uploads\/2025\/02\/609_Jasienskie_3-1024x576.png\" class=\"attachment-large size-large wp-image-1729\" alt=\"\" srcset=\"https:\/\/metrnametrkwadrat.pl\/wp-content\/uploads\/2025\/02\/609_Jasienskie_3-1024x576.png 1024w, https:\/\/metrnametrkwadrat.pl\/wp-content\/uploads\/2025\/02\/609_Jasienskie_3-300x169.png 300w, https:\/\/metrnametrkwadrat.pl\/wp-content\/uploads\/2025\/02\/609_Jasienskie_3-768x432.png 768w, https:\/\/metrnametrkwadrat.pl\/wp-content\/uploads\/2025\/02\/609_Jasienskie_3-1536x864.png 1536w, https:\/\/metrnametrkwadrat.pl\/wp-content\/uploads\/2025\/02\/609_Jasienskie_3.png 1920w\" sizes=\"(max-width: 1024px) 100vw, 1024px\" \/>\t\t\t\t\t\t\t\t\t\t\t\t\t\t\t<\/div>\n\t\t\t\t<\/div>\n\t\t\t\t\t<\/div>\n\t\t\t\t<\/div>\n\t\t<div class=\"elementor-element elementor-element-a84a5d0 e-grid e-con-boxed e-con e-parent\" data-id=\"a84a5d0\" data-element_type=\"container\" data-settings=\"{&quot;background_background&quot;:&quot;classic&quot;}\">\n\t\t\t\t\t<div class=\"e-con-inner\">\n\t\t\t\t\t<\/div>\n\t\t\t\t<\/div>\n\t\t\t\t<\/div>\n\t\t","protected":false},"excerpt":{"rendered":"<p>Elegancki salon z kuchni\u0105 w nowowybudowanym zespole budynk\u00f3w w Straszynie ko\u0142o Gda\u0144ska. Przestrze\u0144 dla rodziny lubi\u0105cej wygod\u0119 i komfort. Nowoczesno\u015b\u0107, nieprzeci\u0119tne dodatki i gra r\u00f3\u017cnych \u017ar\u00f3de\u0142 o\u015bwietlenia nadaj\u0105 mu wyj\u0105tkowy charakter.<\/p>\n","protected":false},"author":1,"featured_media":483,"parent":789,"menu_order":0,"comment_status":"closed","ping_status":"closed","template":"","meta":{"_kadence_starter_templates_imported_post":false,"_kad_post_transparent":"","_kad_post_title":"","_kad_post_layout":"","_kad_post_sidebar_id":"","_kad_post_content_style":"","_kad_post_vertical_padding":"","_kad_post_feature":"","_kad_post_feature_position":"","_kad_post_header":false,"_kad_post_footer":false,"footnotes":""},"class_list":["post-996","page","type-page","status-publish","has-post-thumbnail","hentry"],"_links":{"self":[{"href":"https:\/\/metrnametrkwadrat.pl\/index.php?rest_route=\/wp\/v2\/pages\/996","targetHints":{"allow":["GET"]}}],"collection":[{"href":"https:\/\/metrnametrkwadrat.pl\/index.php?rest_route=\/wp\/v2\/pages"}],"about":[{"href":"https:\/\/metrnametrkwadrat.pl\/index.php?rest_route=\/wp\/v2\/types\/page"}],"author":[{"embeddable":true,"href":"https:\/\/metrnametrkwadrat.pl\/index.php?rest_route=\/wp\/v2\/users\/1"}],"replies":[{"embeddable":true,"href":"https:\/\/metrnametrkwadrat.pl\/index.php?rest_route=%2Fwp%2Fv2%2Fcomments&post=996"}],"version-history":[{"count":28,"href":"https:\/\/metrnametrkwadrat.pl\/index.php?rest_route=\/wp\/v2\/pages\/996\/revisions"}],"predecessor-version":[{"id":1809,"href":"https:\/\/metrnametrkwadrat.pl\/index.php?rest_route=\/wp\/v2\/pages\/996\/revisions\/1809"}],"up":[{"embeddable":true,"href":"https:\/\/metrnametrkwadrat.pl\/index.php?rest_route=\/wp\/v2\/pages\/789"}],"wp:featuredmedia":[{"embeddable":true,"href":"https:\/\/metrnametrkwadrat.pl\/index.php?rest_route=\/"}],"wp:attachment":[{"href":"https:\/\/metrnametrkwadrat.pl\/index.php?rest_route=%2Fwp%2Fv2%2Fmedia&parent=996"}],"curies":[{"name":"wp","href":"https:\/\/api.w.org\/{rel}","templated":true}]}}