{"id":1355,"date":"2025-01-22T23:23:20","date_gmt":"2025-01-22T22:23:20","guid":{"rendered":"https:\/\/metrnametrkwadrat.pl\/?page_id=1355"},"modified":"2025-03-01T19:33:59","modified_gmt":"2025-03-01T18:33:59","slug":"projekt-f","status":"publish","type":"page","link":"https:\/\/metrnametrkwadrat.pl\/?page_id=1355","title":{"rendered":"Osiedle mieszkaniowe pod S\u0142upskiem"},"content":{"rendered":"\t\t<div data-elementor-type=\"wp-page\" data-elementor-id=\"1355\" class=\"elementor elementor-1355\">\n\t\t\t\t<div class=\"elementor-element elementor-element-aadcdfd e-flex e-con-boxed e-con e-parent\" data-id=\"aadcdfd\" data-element_type=\"container\" data-settings=\"{&quot;background_background&quot;:&quot;classic&quot;}\">\n\t\t\t\t\t<div class=\"e-con-inner\">\n\t\t\t\t<div class=\"elementor-element elementor-element-d2a554c elementor-widget elementor-widget-text-editor\" data-id=\"d2a554c\" data-element_type=\"widget\" data-widget_type=\"text-editor.default\">\n\t\t\t\t<div class=\"elementor-widget-container\">\n\t\t\t\t\t\t\t\t\t<p>Zesp\u00f3\u0142 zabudowy sk\u0142ada si\u0119 z kilkunastu budynk\u00f3w rozmieszczonych wzd\u0142u\u017c wewn\u0119trznej drogi po\u0142\u0105czonej z trasa S\u0142upsk &#8211; Smo\u0142dzino.<\/p>\t\t\t\t\t\t\t\t<\/div>\n\t\t\t\t<\/div>\n\t\t\t\t\t<\/div>\n\t\t\t\t<\/div>\n\t\t<div class=\"elementor-element elementor-element-00f22f9 e-flex e-con-boxed e-con e-parent\" data-id=\"00f22f9\" data-element_type=\"container\" data-settings=\"{&quot;background_background&quot;:&quot;classic&quot;}\">\n\t\t\t\t\t<div class=\"e-con-inner\">\n\t\t\t\t<div class=\"elementor-element elementor-element-c293418 elementor-widget elementor-widget-text-editor\" data-id=\"c293418\" data-element_type=\"widget\" data-widget_type=\"text-editor.default\">\n\t\t\t\t<div class=\"elementor-widget-container\">\n\t\t\t\t\t\t\t\t\t<p>Budynki stanowi\u0105 wyzwanie historycznym proporcjom po\u0142\u0105czonym z nowoczesn\u0105 architektur\u0105. Niew\u0105tpliw\u0105 zaleta jest ich powtarzalno\u015b\u0107 w ca\u0142ym zespole mieszkaniowym. Tworz\u0105 w ten spos\u00f3b uporz\u0105dkowan\u0105 \u017cyciow\u0105 przystrze\u0144 dla ich mieszka\u0144c\u00f3w.<\/p>\t\t\t\t\t\t\t\t<\/div>\n\t\t\t\t<\/div>\n\t\t\t\t\t<\/div>\n\t\t\t\t<\/div>\n\t\t<div class=\"elementor-element elementor-element-aa8f81c e-grid e-con-boxed e-con e-parent\" data-id=\"aa8f81c\" data-element_type=\"container\" data-settings=\"{&quot;background_background&quot;:&quot;classic&quot;}\">\n\t\t\t\t\t<div class=\"e-con-inner\">\n\t\t\t\t<div class=\"elementor-element elementor-element-ff126d6 elementor-widget elementor-widget-image\" data-id=\"ff126d6\" data-element_type=\"widget\" data-widget_type=\"image.default\">\n\t\t\t\t<div class=\"elementor-widget-container\">\n\t\t\t\t\t\t\t\t\t\t\t\t\t\t\t<img fetchpriority=\"high\" decoding=\"async\" width=\"1024\" height=\"576\" src=\"https:\/\/metrnametrkwadrat.pl\/wp-content\/uploads\/2025\/03\/Image4-1-1024x576.jpg\" class=\"attachment-large size-large wp-image-1887\" alt=\"\" srcset=\"https:\/\/metrnametrkwadrat.pl\/wp-content\/uploads\/2025\/03\/Image4-1-1024x576.jpg 1024w, https:\/\/metrnametrkwadrat.pl\/wp-content\/uploads\/2025\/03\/Image4-1-300x169.jpg 300w, https:\/\/metrnametrkwadrat.pl\/wp-content\/uploads\/2025\/03\/Image4-1-768x432.jpg 768w, https:\/\/metrnametrkwadrat.pl\/wp-content\/uploads\/2025\/03\/Image4-1-1536x864.jpg 1536w, https:\/\/metrnametrkwadrat.pl\/wp-content\/uploads\/2025\/03\/Image4-1.jpg 1920w\" sizes=\"(max-width: 1024px) 100vw, 1024px\" \/>\t\t\t\t\t\t\t\t\t\t\t\t\t\t\t<\/div>\n\t\t\t\t<\/div>\n\t\t\t\t<div class=\"elementor-element elementor-element-b5b77c3 elementor-widget elementor-widget-image\" data-id=\"b5b77c3\" data-element_type=\"widget\" data-widget_type=\"image.default\">\n\t\t\t\t<div class=\"elementor-widget-container\">\n\t\t\t\t\t\t\t\t\t\t\t\t\t\t\t<img decoding=\"async\" width=\"1024\" height=\"576\" src=\"https:\/\/metrnametrkwadrat.pl\/wp-content\/uploads\/2025\/03\/Image3-1-1024x576.jpg\" class=\"attachment-large size-large wp-image-1886\" alt=\"\" srcset=\"https:\/\/metrnametrkwadrat.pl\/wp-content\/uploads\/2025\/03\/Image3-1-1024x576.jpg 1024w, https:\/\/metrnametrkwadrat.pl\/wp-content\/uploads\/2025\/03\/Image3-1-300x169.jpg 300w, https:\/\/metrnametrkwadrat.pl\/wp-content\/uploads\/2025\/03\/Image3-1-768x432.jpg 768w, https:\/\/metrnametrkwadrat.pl\/wp-content\/uploads\/2025\/03\/Image3-1-1536x864.jpg 1536w, https:\/\/metrnametrkwadrat.pl\/wp-content\/uploads\/2025\/03\/Image3-1.jpg 1920w\" sizes=\"(max-width: 1024px) 100vw, 1024px\" \/>\t\t\t\t\t\t\t\t\t\t\t\t\t\t\t<\/div>\n\t\t\t\t<\/div>\n\t\t\t\t<div class=\"elementor-element elementor-element-66554f7 elementor-widget elementor-widget-image\" data-id=\"66554f7\" data-element_type=\"widget\" data-widget_type=\"image.default\">\n\t\t\t\t<div class=\"elementor-widget-container\">\n\t\t\t\t\t\t\t\t\t\t\t\t\t\t\t<img decoding=\"async\" width=\"1024\" height=\"467\" src=\"https:\/\/metrnametrkwadrat.pl\/wp-content\/uploads\/2025\/03\/Image8-1024x467.jpg\" class=\"attachment-large size-large wp-image-1883\" alt=\"\" srcset=\"https:\/\/metrnametrkwadrat.pl\/wp-content\/uploads\/2025\/03\/Image8-1024x467.jpg 1024w, https:\/\/metrnametrkwadrat.pl\/wp-content\/uploads\/2025\/03\/Image8-300x137.jpg 300w, https:\/\/metrnametrkwadrat.pl\/wp-content\/uploads\/2025\/03\/Image8-768x350.jpg 768w, https:\/\/metrnametrkwadrat.pl\/wp-content\/uploads\/2025\/03\/Image8-1536x701.jpg 1536w, https:\/\/metrnametrkwadrat.pl\/wp-content\/uploads\/2025\/03\/Image8-2048x934.jpg 2048w\" sizes=\"(max-width: 1024px) 100vw, 1024px\" \/>\t\t\t\t\t\t\t\t\t\t\t\t\t\t\t<\/div>\n\t\t\t\t<\/div>\n\t\t\t\t<div class=\"elementor-element elementor-element-71347d7 elementor-widget elementor-widget-image\" data-id=\"71347d7\" data-element_type=\"widget\" data-widget_type=\"image.default\">\n\t\t\t\t<div class=\"elementor-widget-container\">\n\t\t\t\t\t\t\t\t\t\t\t\t\t\t\t<img loading=\"lazy\" decoding=\"async\" width=\"1024\" height=\"576\" src=\"https:\/\/metrnametrkwadrat.pl\/wp-content\/uploads\/2025\/03\/Image11-1024x576.jpg\" class=\"attachment-large size-large wp-image-1885\" alt=\"\" srcset=\"https:\/\/metrnametrkwadrat.pl\/wp-content\/uploads\/2025\/03\/Image11-1024x576.jpg 1024w, https:\/\/metrnametrkwadrat.pl\/wp-content\/uploads\/2025\/03\/Image11-300x169.jpg 300w, https:\/\/metrnametrkwadrat.pl\/wp-content\/uploads\/2025\/03\/Image11-768x432.jpg 768w, https:\/\/metrnametrkwadrat.pl\/wp-content\/uploads\/2025\/03\/Image11-1536x864.jpg 1536w, https:\/\/metrnametrkwadrat.pl\/wp-content\/uploads\/2025\/03\/Image11-2048x1152.jpg 2048w\" sizes=\"(max-width: 1024px) 100vw, 1024px\" \/>\t\t\t\t\t\t\t\t\t\t\t\t\t\t\t<\/div>\n\t\t\t\t<\/div>\n\t\t\t\t\t<\/div>\n\t\t\t\t<\/div>\n\t\t<div class=\"elementor-element elementor-element-a84a5d0 e-grid e-con-boxed e-con e-parent\" data-id=\"a84a5d0\" data-element_type=\"container\" data-settings=\"{&quot;background_background&quot;:&quot;classic&quot;}\">\n\t\t\t\t\t<div class=\"e-con-inner\">\n\t\t\t\t\t<\/div>\n\t\t\t\t<\/div>\n\t\t\t\t<\/div>\n\t\t","protected":false},"excerpt":{"rendered":"<p>Zesp\u00f3\u0142 zabudowy sk\u0142ada si\u0119 z kilkunastu budynk\u00f3w rozmieszczonych wzd\u0142u\u017c wewn\u0119trznej drogi po\u0142\u0105czonej z trasa S\u0142upsk &#8211; Smo\u0142dzino. Budynki stanowi\u0105 wyzwanie historycznym proporcjom po\u0142\u0105czonym z nowoczesn\u0105 architektur\u0105. Niew\u0105tpliw\u0105 zaleta jest ich powtarzalno\u015b\u0107 w ca\u0142ym zespole mieszkaniowym. Tworz\u0105 w ten spos\u00f3b uporz\u0105dkowan\u0105 \u017cyciow\u0105 przystrze\u0144 dla ich mieszka\u0144c\u00f3w.<\/p>\n","protected":false},"author":1,"featured_media":483,"parent":799,"menu_order":0,"comment_status":"closed","ping_status":"closed","template":"","meta":{"_kadence_starter_templates_imported_post":false,"_kad_post_transparent":"","_kad_post_title":"","_kad_post_layout":"","_kad_post_sidebar_id":"","_kad_post_content_style":"","_kad_post_vertical_padding":"","_kad_post_feature":"","_kad_post_feature_position":"","_kad_post_header":false,"_kad_post_footer":false,"footnotes":""},"class_list":["post-1355","page","type-page","status-publish","has-post-thumbnail","hentry"],"_links":{"self":[{"href":"https:\/\/metrnametrkwadrat.pl\/index.php?rest_route=\/wp\/v2\/pages\/1355","targetHints":{"allow":["GET"]}}],"collection":[{"href":"https:\/\/metrnametrkwadrat.pl\/index.php?rest_route=\/wp\/v2\/pages"}],"about":[{"href":"https:\/\/metrnametrkwadrat.pl\/index.php?rest_route=\/wp\/v2\/types\/page"}],"author":[{"embeddable":true,"href":"https:\/\/metrnametrkwadrat.pl\/index.php?rest_route=\/wp\/v2\/users\/1"}],"replies":[{"embeddable":true,"href":"https:\/\/metrnametrkwadrat.pl\/index.php?rest_route=%2Fwp%2Fv2%2Fcomments&post=1355"}],"version-history":[{"count":7,"href":"https:\/\/metrnametrkwadrat.pl\/index.php?rest_route=\/wp\/v2\/pages\/1355\/revisions"}],"predecessor-version":[{"id":1894,"href":"https:\/\/metrnametrkwadrat.pl\/index.php?rest_route=\/wp\/v2\/pages\/1355\/revisions\/1894"}],"up":[{"embeddable":true,"href":"https:\/\/metrnametrkwadrat.pl\/index.php?rest_route=\/wp\/v2\/pages\/799"}],"wp:featuredmedia":[{"embeddable":true,"href":"https:\/\/metrnametrkwadrat.pl\/index.php?rest_route=\/"}],"wp:attachment":[{"href":"https:\/\/metrnametrkwadrat.pl\/index.php?rest_route=%2Fwp%2Fv2%2Fmedia&parent=1355"}],"curies":[{"name":"wp","href":"https:\/\/api.w.org\/{rel}","templated":true}]}}