{"id":1289,"date":"2025-01-22T15:17:57","date_gmt":"2025-01-22T14:17:57","guid":{"rendered":"https:\/\/metrnametrkwadrat.pl\/?page_id=1289"},"modified":"2025-03-04T21:31:21","modified_gmt":"2025-03-04T20:31:21","slug":"projekt-5","status":"publish","type":"page","link":"https:\/\/metrnametrkwadrat.pl\/?page_id=1289","title":{"rendered":"Poddasze w wiejskim domu w kartuzach"},"content":{"rendered":"\t\t<div data-elementor-type=\"wp-page\" data-elementor-id=\"1289\" class=\"elementor elementor-1289\">\n\t\t\t\t<div class=\"elementor-element elementor-element-aadcdfd e-flex e-con-boxed e-con e-parent\" data-id=\"aadcdfd\" data-element_type=\"container\" data-settings=\"{&quot;background_background&quot;:&quot;classic&quot;}\">\n\t\t\t\t\t<div class=\"e-con-inner\">\n\t\t\t\t<div class=\"elementor-element elementor-element-d2a554c elementor-widget elementor-widget-text-editor\" data-id=\"d2a554c\" data-element_type=\"widget\" data-widget_type=\"text-editor.default\">\n\t\t\t\t<div class=\"elementor-widget-container\">\n\t\t\t\t\t\t\t\t\t<p>Prezemtukjemy przestrze\u0144 poddasza w wiejskim domu pod Kartuzami.<\/p>\t\t\t\t\t\t\t\t<\/div>\n\t\t\t\t<\/div>\n\t\t\t\t\t<\/div>\n\t\t\t\t<\/div>\n\t\t<div class=\"elementor-element elementor-element-00f22f9 e-flex e-con-boxed e-con e-parent\" data-id=\"00f22f9\" data-element_type=\"container\" data-settings=\"{&quot;background_background&quot;:&quot;classic&quot;}\">\n\t\t\t\t\t<div class=\"e-con-inner\">\n\t\t\t\t<div class=\"elementor-element elementor-element-c293418 elementor-widget elementor-widget-text-editor\" data-id=\"c293418\" data-element_type=\"widget\" data-widget_type=\"text-editor.default\">\n\t\t\t\t<div class=\"elementor-widget-container\">\n\t\t\t\t\t\t\t\t\t<p>W\u0142a\u015bcicielom zale\u017ca\u0142o na sp\u00f3jnym zestawieniu tkanin u\u017cytych do wystroju przestrzeni.<\/p>\t\t\t\t\t\t\t\t<\/div>\n\t\t\t\t<\/div>\n\t\t\t\t\t<\/div>\n\t\t\t\t<\/div>\n\t\t<div class=\"elementor-element elementor-element-aa8f81c e-grid e-con-boxed e-con e-parent\" data-id=\"aa8f81c\" data-element_type=\"container\" data-settings=\"{&quot;background_background&quot;:&quot;classic&quot;}\">\n\t\t\t\t\t<div class=\"e-con-inner\">\n\t\t\t\t<div class=\"elementor-element elementor-element-ff126d6 elementor-widget elementor-widget-image\" data-id=\"ff126d6\" data-element_type=\"widget\" data-widget_type=\"image.default\">\n\t\t\t\t<div class=\"elementor-widget-container\">\n\t\t\t\t\t\t\t\t\t\t\t\t\t\t\t<img fetchpriority=\"high\" decoding=\"async\" width=\"1024\" height=\"576\" src=\"https:\/\/metrnametrkwadrat.pl\/wp-content\/uploads\/2025\/03\/Widok-3_1-4-1024x576.jpg\" class=\"attachment-large size-large wp-image-1961\" alt=\"\" srcset=\"https:\/\/metrnametrkwadrat.pl\/wp-content\/uploads\/2025\/03\/Widok-3_1-4-1024x576.jpg 1024w, https:\/\/metrnametrkwadrat.pl\/wp-content\/uploads\/2025\/03\/Widok-3_1-4-300x169.jpg 300w, https:\/\/metrnametrkwadrat.pl\/wp-content\/uploads\/2025\/03\/Widok-3_1-4-768x432.jpg 768w, https:\/\/metrnametrkwadrat.pl\/wp-content\/uploads\/2025\/03\/Widok-3_1-4-1536x864.jpg 1536w, https:\/\/metrnametrkwadrat.pl\/wp-content\/uploads\/2025\/03\/Widok-3_1-4.jpg 1920w\" sizes=\"(max-width: 1024px) 100vw, 1024px\" \/>\t\t\t\t\t\t\t\t\t\t\t\t\t\t\t<\/div>\n\t\t\t\t<\/div>\n\t\t\t\t<div class=\"elementor-element elementor-element-b5b77c3 elementor-widget elementor-widget-image\" data-id=\"b5b77c3\" data-element_type=\"widget\" data-widget_type=\"image.default\">\n\t\t\t\t<div class=\"elementor-widget-container\">\n\t\t\t\t\t\t\t\t\t\t\t\t\t\t\t<img decoding=\"async\" width=\"1024\" height=\"576\" src=\"https:\/\/metrnametrkwadrat.pl\/wp-content\/uploads\/2025\/03\/Widok-14_1-1-1024x576.jpg\" class=\"attachment-large size-large wp-image-1956\" alt=\"\" srcset=\"https:\/\/metrnametrkwadrat.pl\/wp-content\/uploads\/2025\/03\/Widok-14_1-1-1024x576.jpg 1024w, https:\/\/metrnametrkwadrat.pl\/wp-content\/uploads\/2025\/03\/Widok-14_1-1-300x169.jpg 300w, https:\/\/metrnametrkwadrat.pl\/wp-content\/uploads\/2025\/03\/Widok-14_1-1-768x432.jpg 768w, https:\/\/metrnametrkwadrat.pl\/wp-content\/uploads\/2025\/03\/Widok-14_1-1-1536x864.jpg 1536w, https:\/\/metrnametrkwadrat.pl\/wp-content\/uploads\/2025\/03\/Widok-14_1-1.jpg 1920w\" sizes=\"(max-width: 1024px) 100vw, 1024px\" \/>\t\t\t\t\t\t\t\t\t\t\t\t\t\t\t<\/div>\n\t\t\t\t<\/div>\n\t\t\t\t<div class=\"elementor-element elementor-element-66554f7 elementor-widget elementor-widget-image\" data-id=\"66554f7\" data-element_type=\"widget\" data-widget_type=\"image.default\">\n\t\t\t\t<div class=\"elementor-widget-container\">\n\t\t\t\t\t\t\t\t\t\t\t\t\t\t\t<img decoding=\"async\" width=\"1024\" height=\"576\" src=\"https:\/\/metrnametrkwadrat.pl\/wp-content\/uploads\/2025\/03\/Widok-9_1-1-1024x576.jpg\" class=\"attachment-large size-large wp-image-1958\" alt=\"\" srcset=\"https:\/\/metrnametrkwadrat.pl\/wp-content\/uploads\/2025\/03\/Widok-9_1-1-1024x576.jpg 1024w, https:\/\/metrnametrkwadrat.pl\/wp-content\/uploads\/2025\/03\/Widok-9_1-1-300x169.jpg 300w, https:\/\/metrnametrkwadrat.pl\/wp-content\/uploads\/2025\/03\/Widok-9_1-1-768x432.jpg 768w, https:\/\/metrnametrkwadrat.pl\/wp-content\/uploads\/2025\/03\/Widok-9_1-1-1536x864.jpg 1536w, https:\/\/metrnametrkwadrat.pl\/wp-content\/uploads\/2025\/03\/Widok-9_1-1.jpg 1920w\" sizes=\"(max-width: 1024px) 100vw, 1024px\" \/>\t\t\t\t\t\t\t\t\t\t\t\t\t\t\t<\/div>\n\t\t\t\t<\/div>\n\t\t\t\t<div class=\"elementor-element elementor-element-71347d7 elementor-widget elementor-widget-image\" data-id=\"71347d7\" data-element_type=\"widget\" data-widget_type=\"image.default\">\n\t\t\t\t<div class=\"elementor-widget-container\">\n\t\t\t\t\t\t\t\t\t\t\t\t\t\t\t<img loading=\"lazy\" decoding=\"async\" width=\"1024\" height=\"576\" src=\"https:\/\/metrnametrkwadrat.pl\/wp-content\/uploads\/2025\/03\/Widok-6_1-3-1024x576.jpg\" class=\"attachment-large size-large wp-image-1964\" alt=\"\" srcset=\"https:\/\/metrnametrkwadrat.pl\/wp-content\/uploads\/2025\/03\/Widok-6_1-3-1024x576.jpg 1024w, https:\/\/metrnametrkwadrat.pl\/wp-content\/uploads\/2025\/03\/Widok-6_1-3-300x169.jpg 300w, https:\/\/metrnametrkwadrat.pl\/wp-content\/uploads\/2025\/03\/Widok-6_1-3-768x432.jpg 768w, https:\/\/metrnametrkwadrat.pl\/wp-content\/uploads\/2025\/03\/Widok-6_1-3-1536x864.jpg 1536w, https:\/\/metrnametrkwadrat.pl\/wp-content\/uploads\/2025\/03\/Widok-6_1-3.jpg 1920w\" sizes=\"(max-width: 1024px) 100vw, 1024px\" \/>\t\t\t\t\t\t\t\t\t\t\t\t\t\t\t<\/div>\n\t\t\t\t<\/div>\n\t\t\t\t\t<\/div>\n\t\t\t\t<\/div>\n\t\t<div class=\"elementor-element elementor-element-a84a5d0 e-grid e-con-boxed e-con e-parent\" data-id=\"a84a5d0\" data-element_type=\"container\" data-settings=\"{&quot;background_background&quot;:&quot;classic&quot;}\">\n\t\t\t\t\t<div class=\"e-con-inner\">\n\t\t\t\t\t<\/div>\n\t\t\t\t<\/div>\n\t\t\t\t<\/div>\n\t\t","protected":false},"excerpt":{"rendered":"<p>Prezemtukjemy przestrze\u0144 poddasza w wiejskim domu pod Kartuzami. W\u0142a\u015bcicielom zale\u017ca\u0142o na sp\u00f3jnym zestawieniu tkanin u\u017cytych do wystroju przestrzeni.<\/p>\n","protected":false},"author":1,"featured_media":483,"parent":789,"menu_order":0,"comment_status":"closed","ping_status":"closed","template":"","meta":{"_kadence_starter_templates_imported_post":false,"_kad_post_transparent":"","_kad_post_title":"","_kad_post_layout":"","_kad_post_sidebar_id":"","_kad_post_content_style":"","_kad_post_vertical_padding":"","_kad_post_feature":"","_kad_post_feature_position":"","_kad_post_header":false,"_kad_post_footer":false,"footnotes":""},"class_list":["post-1289","page","type-page","status-publish","has-post-thumbnail","hentry"],"_links":{"self":[{"href":"https:\/\/metrnametrkwadrat.pl\/index.php?rest_route=\/wp\/v2\/pages\/1289","targetHints":{"allow":["GET"]}}],"collection":[{"href":"https:\/\/metrnametrkwadrat.pl\/index.php?rest_route=\/wp\/v2\/pages"}],"about":[{"href":"https:\/\/metrnametrkwadrat.pl\/index.php?rest_route=\/wp\/v2\/types\/page"}],"author":[{"embeddable":true,"href":"https:\/\/metrnametrkwadrat.pl\/index.php?rest_route=\/wp\/v2\/users\/1"}],"replies":[{"embeddable":true,"href":"https:\/\/metrnametrkwadrat.pl\/index.php?rest_route=%2Fwp%2Fv2%2Fcomments&post=1289"}],"version-history":[{"count":8,"href":"https:\/\/metrnametrkwadrat.pl\/index.php?rest_route=\/wp\/v2\/pages\/1289\/revisions"}],"predecessor-version":[{"id":2001,"href":"https:\/\/metrnametrkwadrat.pl\/index.php?rest_route=\/wp\/v2\/pages\/1289\/revisions\/2001"}],"up":[{"embeddable":true,"href":"https:\/\/metrnametrkwadrat.pl\/index.php?rest_route=\/wp\/v2\/pages\/789"}],"wp:featuredmedia":[{"embeddable":true,"href":"https:\/\/metrnametrkwadrat.pl\/index.php?rest_route=\/"}],"wp:attachment":[{"href":"https:\/\/metrnametrkwadrat.pl\/index.php?rest_route=%2Fwp%2Fv2%2Fmedia&parent=1289"}],"curies":[{"name":"wp","href":"https:\/\/api.w.org\/{rel}","templated":true}]}}