{"id":1284,"date":"2025-01-22T15:16:23","date_gmt":"2025-01-22T14:16:23","guid":{"rendered":"https:\/\/metrnametrkwadrat.pl\/?page_id=1284"},"modified":"2025-03-04T20:14:54","modified_gmt":"2025-03-04T19:14:54","slug":"projekt-4","status":"publish","type":"page","link":"https:\/\/metrnametrkwadrat.pl\/?page_id=1284","title":{"rendered":"Salon po\u0142\u0105czony z kuchnia w wiejskim domu nad jeziorem"},"content":{"rendered":"\t\t<div data-elementor-type=\"wp-page\" data-elementor-id=\"1284\" class=\"elementor elementor-1284\">\n\t\t\t\t<div class=\"elementor-element elementor-element-aadcdfd e-flex e-con-boxed e-con e-parent\" data-id=\"aadcdfd\" data-element_type=\"container\" data-settings=\"{&quot;background_background&quot;:&quot;classic&quot;}\">\n\t\t\t\t\t<div class=\"e-con-inner\">\n\t\t\t\t<div class=\"elementor-element elementor-element-d2a554c elementor-widget elementor-widget-text-editor\" data-id=\"d2a554c\" data-element_type=\"widget\" data-widget_type=\"text-editor.default\">\n\t\t\t\t<div class=\"elementor-widget-container\">\n\t\t\t\t\t\t\t\t\t<p>Przedstawiamy wn\u0119trze salonu z otwart\u0105 kuchnia w wiejskim domu wtopiony w uroki natury.\u00a0<\/p>\t\t\t\t\t\t\t\t<\/div>\n\t\t\t\t<\/div>\n\t\t\t\t\t<\/div>\n\t\t\t\t<\/div>\n\t\t<div class=\"elementor-element elementor-element-00f22f9 e-flex e-con-boxed e-con e-parent\" data-id=\"00f22f9\" data-element_type=\"container\" data-settings=\"{&quot;background_background&quot;:&quot;classic&quot;}\">\n\t\t\t\t\t<div class=\"e-con-inner\">\n\t\t\t\t<div class=\"elementor-element elementor-element-c293418 elementor-widget elementor-widget-text-editor\" data-id=\"c293418\" data-element_type=\"widget\" data-widget_type=\"text-editor.default\">\n\t\t\t\t<div class=\"elementor-widget-container\">\n\t\t\t\t\t\t\t\t\t<p>Zastosowanie du\u017cych przeszklonych \u015bcian z widokiem na jezioro oraz wysokie wn\u0119trze tworzy niepowtarzalny klimat obcowania z natura przez ca\u0142y rok.<\/p>\t\t\t\t\t\t\t\t<\/div>\n\t\t\t\t<\/div>\n\t\t\t\t\t<\/div>\n\t\t\t\t<\/div>\n\t\t<div class=\"elementor-element elementor-element-aa8f81c e-grid e-con-boxed e-con e-parent\" data-id=\"aa8f81c\" data-element_type=\"container\" data-settings=\"{&quot;background_background&quot;:&quot;classic&quot;}\">\n\t\t\t\t\t<div class=\"e-con-inner\">\n\t\t\t\t<div class=\"elementor-element elementor-element-ff126d6 elementor-widget elementor-widget-image\" data-id=\"ff126d6\" data-element_type=\"widget\" data-widget_type=\"image.default\">\n\t\t\t\t<div class=\"elementor-widget-container\">\n\t\t\t\t\t\t\t\t\t\t\t\t\t\t\t<img fetchpriority=\"high\" decoding=\"async\" width=\"1024\" height=\"576\" src=\"https:\/\/metrnametrkwadrat.pl\/wp-content\/uploads\/2025\/03\/Widok-15_1-1024x576.jpg\" class=\"attachment-large size-large wp-image-1930\" alt=\"\" srcset=\"https:\/\/metrnametrkwadrat.pl\/wp-content\/uploads\/2025\/03\/Widok-15_1-1024x576.jpg 1024w, https:\/\/metrnametrkwadrat.pl\/wp-content\/uploads\/2025\/03\/Widok-15_1-300x169.jpg 300w, https:\/\/metrnametrkwadrat.pl\/wp-content\/uploads\/2025\/03\/Widok-15_1-768x432.jpg 768w, https:\/\/metrnametrkwadrat.pl\/wp-content\/uploads\/2025\/03\/Widok-15_1-1536x864.jpg 1536w, https:\/\/metrnametrkwadrat.pl\/wp-content\/uploads\/2025\/03\/Widok-15_1.jpg 1920w\" sizes=\"(max-width: 1024px) 100vw, 1024px\" \/>\t\t\t\t\t\t\t\t\t\t\t\t\t\t\t<\/div>\n\t\t\t\t<\/div>\n\t\t\t\t<div class=\"elementor-element elementor-element-b5b77c3 elementor-widget elementor-widget-image\" data-id=\"b5b77c3\" data-element_type=\"widget\" data-widget_type=\"image.default\">\n\t\t\t\t<div class=\"elementor-widget-container\">\n\t\t\t\t\t\t\t\t\t\t\t\t\t\t\t<img decoding=\"async\" width=\"1024\" height=\"576\" src=\"https:\/\/metrnametrkwadrat.pl\/wp-content\/uploads\/2025\/03\/Widok-5_1-3-1024x576.jpg\" class=\"attachment-large size-large wp-image-1937\" alt=\"\" srcset=\"https:\/\/metrnametrkwadrat.pl\/wp-content\/uploads\/2025\/03\/Widok-5_1-3-1024x576.jpg 1024w, https:\/\/metrnametrkwadrat.pl\/wp-content\/uploads\/2025\/03\/Widok-5_1-3-300x169.jpg 300w, https:\/\/metrnametrkwadrat.pl\/wp-content\/uploads\/2025\/03\/Widok-5_1-3-768x432.jpg 768w, https:\/\/metrnametrkwadrat.pl\/wp-content\/uploads\/2025\/03\/Widok-5_1-3-1536x864.jpg 1536w, https:\/\/metrnametrkwadrat.pl\/wp-content\/uploads\/2025\/03\/Widok-5_1-3.jpg 1920w\" sizes=\"(max-width: 1024px) 100vw, 1024px\" \/>\t\t\t\t\t\t\t\t\t\t\t\t\t\t\t<\/div>\n\t\t\t\t<\/div>\n\t\t\t\t<div class=\"elementor-element elementor-element-66554f7 elementor-widget elementor-widget-image\" data-id=\"66554f7\" data-element_type=\"widget\" data-widget_type=\"image.default\">\n\t\t\t\t<div class=\"elementor-widget-container\">\n\t\t\t\t\t\t\t\t\t\t\t\t\t\t\t<img decoding=\"async\" width=\"1024\" height=\"576\" src=\"https:\/\/metrnametrkwadrat.pl\/wp-content\/uploads\/2025\/03\/Widok-6_1-2-1024x576.jpg\" class=\"attachment-large size-large wp-image-1936\" alt=\"\" srcset=\"https:\/\/metrnametrkwadrat.pl\/wp-content\/uploads\/2025\/03\/Widok-6_1-2-1024x576.jpg 1024w, https:\/\/metrnametrkwadrat.pl\/wp-content\/uploads\/2025\/03\/Widok-6_1-2-300x169.jpg 300w, https:\/\/metrnametrkwadrat.pl\/wp-content\/uploads\/2025\/03\/Widok-6_1-2-768x432.jpg 768w, https:\/\/metrnametrkwadrat.pl\/wp-content\/uploads\/2025\/03\/Widok-6_1-2-1536x864.jpg 1536w, https:\/\/metrnametrkwadrat.pl\/wp-content\/uploads\/2025\/03\/Widok-6_1-2.jpg 1920w\" sizes=\"(max-width: 1024px) 100vw, 1024px\" \/>\t\t\t\t\t\t\t\t\t\t\t\t\t\t\t<\/div>\n\t\t\t\t<\/div>\n\t\t\t\t<div class=\"elementor-element elementor-element-71347d7 elementor-widget elementor-widget-image\" data-id=\"71347d7\" data-element_type=\"widget\" data-widget_type=\"image.default\">\n\t\t\t\t<div class=\"elementor-widget-container\">\n\t\t\t\t\t\t\t\t\t\t\t\t\t\t\t<img loading=\"lazy\" decoding=\"async\" width=\"1024\" height=\"576\" src=\"https:\/\/metrnametrkwadrat.pl\/wp-content\/uploads\/2025\/03\/Widok-9_1-1024x576.jpg\" class=\"attachment-large size-large wp-image-1934\" alt=\"\" srcset=\"https:\/\/metrnametrkwadrat.pl\/wp-content\/uploads\/2025\/03\/Widok-9_1-1024x576.jpg 1024w, https:\/\/metrnametrkwadrat.pl\/wp-content\/uploads\/2025\/03\/Widok-9_1-300x169.jpg 300w, https:\/\/metrnametrkwadrat.pl\/wp-content\/uploads\/2025\/03\/Widok-9_1-768x432.jpg 768w, https:\/\/metrnametrkwadrat.pl\/wp-content\/uploads\/2025\/03\/Widok-9_1-1536x864.jpg 1536w, https:\/\/metrnametrkwadrat.pl\/wp-content\/uploads\/2025\/03\/Widok-9_1.jpg 1920w\" sizes=\"(max-width: 1024px) 100vw, 1024px\" \/>\t\t\t\t\t\t\t\t\t\t\t\t\t\t\t<\/div>\n\t\t\t\t<\/div>\n\t\t\t\t\t<\/div>\n\t\t\t\t<\/div>\n\t\t<div class=\"elementor-element elementor-element-a84a5d0 e-grid e-con-boxed e-con e-parent\" data-id=\"a84a5d0\" data-element_type=\"container\" data-settings=\"{&quot;background_background&quot;:&quot;classic&quot;}\">\n\t\t\t\t\t<div class=\"e-con-inner\">\n\t\t\t\t\t<\/div>\n\t\t\t\t<\/div>\n\t\t\t\t<\/div>\n\t\t","protected":false},"excerpt":{"rendered":"<p>Przedstawiamy wn\u0119trze salonu z otwart\u0105 kuchnia w wiejskim domu wtopiony w uroki natury.\u00a0 Zastosowanie du\u017cych przeszklonych \u015bcian z widokiem na jezioro oraz wysokie wn\u0119trze tworzy niepowtarzalny klimat obcowania z natura przez ca\u0142y rok.<\/p>\n","protected":false},"author":1,"featured_media":483,"parent":789,"menu_order":0,"comment_status":"closed","ping_status":"closed","template":"","meta":{"_kadence_starter_templates_imported_post":false,"_kad_post_transparent":"","_kad_post_title":"","_kad_post_layout":"","_kad_post_sidebar_id":"","_kad_post_content_style":"","_kad_post_vertical_padding":"","_kad_post_feature":"","_kad_post_feature_position":"","_kad_post_header":false,"_kad_post_footer":false,"footnotes":""},"class_list":["post-1284","page","type-page","status-publish","has-post-thumbnail","hentry"],"_links":{"self":[{"href":"https:\/\/metrnametrkwadrat.pl\/index.php?rest_route=\/wp\/v2\/pages\/1284","targetHints":{"allow":["GET"]}}],"collection":[{"href":"https:\/\/metrnametrkwadrat.pl\/index.php?rest_route=\/wp\/v2\/pages"}],"about":[{"href":"https:\/\/metrnametrkwadrat.pl\/index.php?rest_route=\/wp\/v2\/types\/page"}],"author":[{"embeddable":true,"href":"https:\/\/metrnametrkwadrat.pl\/index.php?rest_route=\/wp\/v2\/users\/1"}],"replies":[{"embeddable":true,"href":"https:\/\/metrnametrkwadrat.pl\/index.php?rest_route=%2Fwp%2Fv2%2Fcomments&post=1284"}],"version-history":[{"count":9,"href":"https:\/\/metrnametrkwadrat.pl\/index.php?rest_route=\/wp\/v2\/pages\/1284\/revisions"}],"predecessor-version":[{"id":1948,"href":"https:\/\/metrnametrkwadrat.pl\/index.php?rest_route=\/wp\/v2\/pages\/1284\/revisions\/1948"}],"up":[{"embeddable":true,"href":"https:\/\/metrnametrkwadrat.pl\/index.php?rest_route=\/wp\/v2\/pages\/789"}],"wp:featuredmedia":[{"embeddable":true,"href":"https:\/\/metrnametrkwadrat.pl\/index.php?rest_route=\/"}],"wp:attachment":[{"href":"https:\/\/metrnametrkwadrat.pl\/index.php?rest_route=%2Fwp%2Fv2%2Fmedia&parent=1284"}],"curies":[{"name":"wp","href":"https:\/\/api.w.org\/{rel}","templated":true}]}}