{"id":1279,"date":"2025-01-22T15:15:16","date_gmt":"2025-01-22T14:15:16","guid":{"rendered":"https:\/\/metrnametrkwadrat.pl\/?page_id=1279"},"modified":"2025-03-01T19:36:48","modified_gmt":"2025-03-01T18:36:48","slug":"projekt-3","status":"publish","type":"page","link":"https:\/\/metrnametrkwadrat.pl\/?page_id=1279","title":{"rendered":"Dom go\u015bcinny na Mazurach wsr\u00f3d po\u0142\u0105cZ\u0105nych ze sob\u0105  jezior i las\u00f3w  w okolicy Ostr\u00f3dy"},"content":{"rendered":"\t\t<div data-elementor-type=\"wp-page\" data-elementor-id=\"1279\" class=\"elementor elementor-1279\">\n\t\t\t\t<div class=\"elementor-element elementor-element-aadcdfd e-flex e-con-boxed e-con e-parent\" data-id=\"aadcdfd\" data-element_type=\"container\" data-settings=\"{&quot;background_background&quot;:&quot;classic&quot;}\">\n\t\t\t\t\t<div class=\"e-con-inner\">\n\t\t\t\t<div class=\"elementor-element elementor-element-d2a554c elementor-widget elementor-widget-text-editor\" data-id=\"d2a554c\" data-element_type=\"widget\" data-widget_type=\"text-editor.default\">\n\t\t\t\t<div class=\"elementor-widget-container\">\n\t\t\t\t\t\t\t\t\t<p>Wn\u0119trze ka\u017cdego domu rozpoczyna si\u0119 od przestrzeni, kt\u00f3ra zaprasza go\u015bci do wej\u015bcia. Wa\u017cne jest pierwsze wra\u017cenie, kt\u00f3re w tym przypadku m\u00f3wi nam, \u017ce zastaniemy w\u0142a\u015bcicieli lubi\u0105cych jasne kolory, estetyk\u0119 \u00a0oraz funkcjonalno\u015b\u0107.<\/p>\t\t\t\t\t\t\t\t<\/div>\n\t\t\t\t<\/div>\n\t\t\t\t\t<\/div>\n\t\t\t\t<\/div>\n\t\t<div class=\"elementor-element elementor-element-00f22f9 e-flex e-con-boxed e-con e-parent\" data-id=\"00f22f9\" data-element_type=\"container\" data-settings=\"{&quot;background_background&quot;:&quot;classic&quot;}\">\n\t\t\t\t\t<div class=\"e-con-inner\">\n\t\t\t\t<div class=\"elementor-element elementor-element-c293418 elementor-widget elementor-widget-text-editor\" data-id=\"c293418\" data-element_type=\"widget\" data-widget_type=\"text-editor.default\">\n\t\t\t\t<div class=\"elementor-widget-container\">\n\t\t\t\t\t\t\t\t\t<p>Tym razem jest to przejrzysty przedpok\u00f3j udekorowany mozaikow\u0105 pod\u0142og\u0119. Dominowanie bieli, jako koloru przewodniego pozwala przypuszcza\u0107, \u017ce tak\u017ce inne pomieszczenia b\u0119d\u0105 r\u00f3wnie jasne doprawione nut\u0105 regionalizmu.<\/p>\t\t\t\t\t\t\t\t<\/div>\n\t\t\t\t<\/div>\n\t\t\t\t\t<\/div>\n\t\t\t\t<\/div>\n\t\t<div class=\"elementor-element elementor-element-aa8f81c e-grid e-con-boxed e-con e-parent\" data-id=\"aa8f81c\" data-element_type=\"container\" data-settings=\"{&quot;background_background&quot;:&quot;classic&quot;}\">\n\t\t\t\t\t<div class=\"e-con-inner\">\n\t\t\t\t<div class=\"elementor-element elementor-element-ff126d6 elementor-widget elementor-widget-image\" data-id=\"ff126d6\" data-element_type=\"widget\" data-widget_type=\"image.default\">\n\t\t\t\t<div class=\"elementor-widget-container\">\n\t\t\t\t\t\t\t\t\t\t\t\t\t\t\t<img fetchpriority=\"high\" decoding=\"async\" width=\"1024\" height=\"576\" src=\"https:\/\/metrnametrkwadrat.pl\/wp-content\/uploads\/2025\/03\/Widok-2_1-1-1024x576.jpg\" class=\"attachment-large size-large wp-image-1848\" alt=\"\" srcset=\"https:\/\/metrnametrkwadrat.pl\/wp-content\/uploads\/2025\/03\/Widok-2_1-1-1024x576.jpg 1024w, https:\/\/metrnametrkwadrat.pl\/wp-content\/uploads\/2025\/03\/Widok-2_1-1-300x169.jpg 300w, https:\/\/metrnametrkwadrat.pl\/wp-content\/uploads\/2025\/03\/Widok-2_1-1-768x432.jpg 768w, https:\/\/metrnametrkwadrat.pl\/wp-content\/uploads\/2025\/03\/Widok-2_1-1-1536x864.jpg 1536w, https:\/\/metrnametrkwadrat.pl\/wp-content\/uploads\/2025\/03\/Widok-2_1-1.jpg 1920w\" sizes=\"(max-width: 1024px) 100vw, 1024px\" \/>\t\t\t\t\t\t\t\t\t\t\t\t\t\t\t<\/div>\n\t\t\t\t<\/div>\n\t\t\t\t<div class=\"elementor-element elementor-element-b5b77c3 elementor-widget elementor-widget-image\" data-id=\"b5b77c3\" data-element_type=\"widget\" data-widget_type=\"image.default\">\n\t\t\t\t<div class=\"elementor-widget-container\">\n\t\t\t\t\t\t\t\t\t\t\t\t\t\t\t<img decoding=\"async\" width=\"1024\" height=\"576\" src=\"https:\/\/metrnametrkwadrat.pl\/wp-content\/uploads\/2025\/03\/Widok-4_1-1024x576.jpg\" class=\"attachment-large size-large wp-image-1843\" alt=\"\" srcset=\"https:\/\/metrnametrkwadrat.pl\/wp-content\/uploads\/2025\/03\/Widok-4_1-1024x576.jpg 1024w, https:\/\/metrnametrkwadrat.pl\/wp-content\/uploads\/2025\/03\/Widok-4_1-300x169.jpg 300w, https:\/\/metrnametrkwadrat.pl\/wp-content\/uploads\/2025\/03\/Widok-4_1-768x432.jpg 768w, https:\/\/metrnametrkwadrat.pl\/wp-content\/uploads\/2025\/03\/Widok-4_1-1536x864.jpg 1536w, https:\/\/metrnametrkwadrat.pl\/wp-content\/uploads\/2025\/03\/Widok-4_1.jpg 1920w\" sizes=\"(max-width: 1024px) 100vw, 1024px\" \/>\t\t\t\t\t\t\t\t\t\t\t\t\t\t\t<\/div>\n\t\t\t\t<\/div>\n\t\t\t\t<div class=\"elementor-element elementor-element-66554f7 elementor-widget elementor-widget-image\" data-id=\"66554f7\" data-element_type=\"widget\" data-widget_type=\"image.default\">\n\t\t\t\t<div class=\"elementor-widget-container\">\n\t\t\t\t\t\t\t\t\t\t\t\t\t\t\t<img decoding=\"async\" width=\"1024\" height=\"576\" src=\"https:\/\/metrnametrkwadrat.pl\/wp-content\/uploads\/2025\/03\/Widok-6_1-1-1024x576.jpg\" class=\"attachment-large size-large wp-image-1852\" alt=\"\" srcset=\"https:\/\/metrnametrkwadrat.pl\/wp-content\/uploads\/2025\/03\/Widok-6_1-1-1024x576.jpg 1024w, https:\/\/metrnametrkwadrat.pl\/wp-content\/uploads\/2025\/03\/Widok-6_1-1-300x169.jpg 300w, https:\/\/metrnametrkwadrat.pl\/wp-content\/uploads\/2025\/03\/Widok-6_1-1-768x432.jpg 768w, https:\/\/metrnametrkwadrat.pl\/wp-content\/uploads\/2025\/03\/Widok-6_1-1-1536x864.jpg 1536w, https:\/\/metrnametrkwadrat.pl\/wp-content\/uploads\/2025\/03\/Widok-6_1-1.jpg 1920w\" sizes=\"(max-width: 1024px) 100vw, 1024px\" \/>\t\t\t\t\t\t\t\t\t\t\t\t\t\t\t<\/div>\n\t\t\t\t<\/div>\n\t\t\t\t<div class=\"elementor-element elementor-element-71347d7 elementor-widget elementor-widget-image\" data-id=\"71347d7\" data-element_type=\"widget\" data-widget_type=\"image.default\">\n\t\t\t\t<div class=\"elementor-widget-container\">\n\t\t\t\t\t\t\t\t\t\t\t\t\t\t\t<img loading=\"lazy\" decoding=\"async\" width=\"1024\" height=\"576\" src=\"https:\/\/metrnametrkwadrat.pl\/wp-content\/uploads\/2025\/03\/Widok-3_1-1024x576.jpg\" class=\"attachment-large size-large wp-image-1842\" alt=\"\" srcset=\"https:\/\/metrnametrkwadrat.pl\/wp-content\/uploads\/2025\/03\/Widok-3_1-1024x576.jpg 1024w, https:\/\/metrnametrkwadrat.pl\/wp-content\/uploads\/2025\/03\/Widok-3_1-300x169.jpg 300w, https:\/\/metrnametrkwadrat.pl\/wp-content\/uploads\/2025\/03\/Widok-3_1-768x432.jpg 768w, https:\/\/metrnametrkwadrat.pl\/wp-content\/uploads\/2025\/03\/Widok-3_1-1536x864.jpg 1536w, https:\/\/metrnametrkwadrat.pl\/wp-content\/uploads\/2025\/03\/Widok-3_1.jpg 1920w\" sizes=\"(max-width: 1024px) 100vw, 1024px\" \/>\t\t\t\t\t\t\t\t\t\t\t\t\t\t\t<\/div>\n\t\t\t\t<\/div>\n\t\t\t\t\t<\/div>\n\t\t\t\t<\/div>\n\t\t<div class=\"elementor-element elementor-element-a84a5d0 e-grid e-con-boxed e-con e-parent\" data-id=\"a84a5d0\" data-element_type=\"container\" data-settings=\"{&quot;background_background&quot;:&quot;classic&quot;}\">\n\t\t\t\t\t<div class=\"e-con-inner\">\n\t\t\t\t\t<\/div>\n\t\t\t\t<\/div>\n\t\t\t\t<\/div>\n\t\t","protected":false},"excerpt":{"rendered":"<p>Wn\u0119trze ka\u017cdego domu rozpoczyna si\u0119 od przestrzeni, kt\u00f3ra zaprasza go\u015bci do wej\u015bcia. Wa\u017cne jest pierwsze wra\u017cenie, kt\u00f3re w tym przypadku m\u00f3wi nam, \u017ce zastaniemy w\u0142a\u015bcicieli lubi\u0105cych jasne kolory, estetyk\u0119 \u00a0oraz funkcjonalno\u015b\u0107. Tym razem jest to przejrzysty przedpok\u00f3j udekorowany mozaikow\u0105 pod\u0142og\u0119. Dominowanie bieli, jako koloru przewodniego pozwala przypuszcza\u0107, \u017ce tak\u017ce inne pomieszczenia b\u0119d\u0105 r\u00f3wnie jasne doprawione&#8230;<\/p>\n","protected":false},"author":1,"featured_media":483,"parent":789,"menu_order":0,"comment_status":"closed","ping_status":"closed","template":"","meta":{"_kadence_starter_templates_imported_post":false,"_kad_post_transparent":"","_kad_post_title":"","_kad_post_layout":"","_kad_post_sidebar_id":"","_kad_post_content_style":"","_kad_post_vertical_padding":"","_kad_post_feature":"","_kad_post_feature_position":"","_kad_post_header":false,"_kad_post_footer":false,"footnotes":""},"class_list":["post-1279","page","type-page","status-publish","has-post-thumbnail","hentry"],"_links":{"self":[{"href":"https:\/\/metrnametrkwadrat.pl\/index.php?rest_route=\/wp\/v2\/pages\/1279","targetHints":{"allow":["GET"]}}],"collection":[{"href":"https:\/\/metrnametrkwadrat.pl\/index.php?rest_route=\/wp\/v2\/pages"}],"about":[{"href":"https:\/\/metrnametrkwadrat.pl\/index.php?rest_route=\/wp\/v2\/types\/page"}],"author":[{"embeddable":true,"href":"https:\/\/metrnametrkwadrat.pl\/index.php?rest_route=\/wp\/v2\/users\/1"}],"replies":[{"embeddable":true,"href":"https:\/\/metrnametrkwadrat.pl\/index.php?rest_route=%2Fwp%2Fv2%2Fcomments&post=1279"}],"version-history":[{"count":18,"href":"https:\/\/metrnametrkwadrat.pl\/index.php?rest_route=\/wp\/v2\/pages\/1279\/revisions"}],"predecessor-version":[{"id":1899,"href":"https:\/\/metrnametrkwadrat.pl\/index.php?rest_route=\/wp\/v2\/pages\/1279\/revisions\/1899"}],"up":[{"embeddable":true,"href":"https:\/\/metrnametrkwadrat.pl\/index.php?rest_route=\/wp\/v2\/pages\/789"}],"wp:featuredmedia":[{"embeddable":true,"href":"https:\/\/metrnametrkwadrat.pl\/index.php?rest_route=\/"}],"wp:attachment":[{"href":"https:\/\/metrnametrkwadrat.pl\/index.php?rest_route=%2Fwp%2Fv2%2Fmedia&parent=1279"}],"curies":[{"name":"wp","href":"https:\/\/api.w.org\/{rel}","templated":true}]}}