{"id":1274,"date":"2025-01-22T15:13:13","date_gmt":"2025-01-22T14:13:13","guid":{"rendered":"https:\/\/metrnametrkwadrat.pl\/?page_id=1274"},"modified":"2025-03-01T19:36:00","modified_gmt":"2025-03-01T18:36:00","slug":"projekt-2","status":"publish","type":"page","link":"https:\/\/metrnametrkwadrat.pl\/?page_id=1274","title":{"rendered":"LObby hotelowe w Ustce ko\u0141o s\u0142upska"},"content":{"rendered":"\t\t<div data-elementor-type=\"wp-page\" data-elementor-id=\"1274\" class=\"elementor elementor-1274\">\n\t\t\t\t<div class=\"elementor-element elementor-element-aadcdfd e-flex e-con-boxed e-con e-parent\" data-id=\"aadcdfd\" data-element_type=\"container\" data-settings=\"{&quot;background_background&quot;:&quot;classic&quot;}\">\n\t\t\t\t\t<div class=\"e-con-inner\">\n\t\t\t\t<div class=\"elementor-element elementor-element-d2a554c elementor-widget elementor-widget-text-editor\" data-id=\"d2a554c\" data-element_type=\"widget\" data-widget_type=\"text-editor.default\">\n\t\t\t\t<div class=\"elementor-widget-container\">\n\t\t\t\t\t\t\t\t\t<p>Zadaniem by\u0142o stwoerzebie lobby hoteloweg, kt\u00f3re mie\u015bci\u0142oby trzy funkcje: bar, poczekalnia na zwolnienie pokoi i przytulna czytelnia dla go\u015bci.<\/p>\t\t\t\t\t\t\t\t<\/div>\n\t\t\t\t<\/div>\n\t\t\t\t\t<\/div>\n\t\t\t\t<\/div>\n\t\t<div class=\"elementor-element elementor-element-00f22f9 e-flex e-con-boxed e-con e-parent\" data-id=\"00f22f9\" data-element_type=\"container\" data-settings=\"{&quot;background_background&quot;:&quot;classic&quot;}\">\n\t\t\t\t\t<div class=\"e-con-inner\">\n\t\t\t\t<div class=\"elementor-element elementor-element-c293418 elementor-widget elementor-widget-text-editor\" data-id=\"c293418\" data-element_type=\"widget\" data-widget_type=\"text-editor.default\">\n\t\t\t\t<div class=\"elementor-widget-container\">\n\t\t\t\t\t\t\t\t\t<p>G\u0142\u00f3wna ide\u0105 jest naturalne drewno, kt\u00f3re po\u0142\u0105czone z elementami nowoczesnego, jasnego wyposa\u017cenia tworzy bardzo udany kontrast. A nad wszystkim kr\u00f3luje skropmy bar.<\/p>\t\t\t\t\t\t\t\t<\/div>\n\t\t\t\t<\/div>\n\t\t\t\t\t<\/div>\n\t\t\t\t<\/div>\n\t\t<div class=\"elementor-element elementor-element-aa8f81c e-grid e-con-boxed e-con e-parent\" data-id=\"aa8f81c\" data-element_type=\"container\" data-settings=\"{&quot;background_background&quot;:&quot;classic&quot;}\">\n\t\t\t\t\t<div class=\"e-con-inner\">\n\t\t\t\t<div class=\"elementor-element elementor-element-ff126d6 elementor-widget elementor-widget-image\" data-id=\"ff126d6\" data-element_type=\"widget\" data-widget_type=\"image.default\">\n\t\t\t\t<div class=\"elementor-widget-container\">\n\t\t\t\t\t\t\t\t\t\t\t\t\t\t\t<img fetchpriority=\"high\" decoding=\"async\" width=\"1024\" height=\"576\" src=\"https:\/\/metrnametrkwadrat.pl\/wp-content\/uploads\/2025\/01\/lobby-1024x576.jpg\" class=\"attachment-large size-large wp-image-918\" alt=\"\" srcset=\"https:\/\/metrnametrkwadrat.pl\/wp-content\/uploads\/2025\/01\/lobby-1024x576.jpg 1024w, https:\/\/metrnametrkwadrat.pl\/wp-content\/uploads\/2025\/01\/lobby-300x169.jpg 300w, https:\/\/metrnametrkwadrat.pl\/wp-content\/uploads\/2025\/01\/lobby-768x432.jpg 768w, https:\/\/metrnametrkwadrat.pl\/wp-content\/uploads\/2025\/01\/lobby-1536x864.jpg 1536w, https:\/\/metrnametrkwadrat.pl\/wp-content\/uploads\/2025\/01\/lobby-2048x1152.jpg 2048w\" sizes=\"(max-width: 1024px) 100vw, 1024px\" \/>\t\t\t\t\t\t\t\t\t\t\t\t\t\t\t<\/div>\n\t\t\t\t<\/div>\n\t\t\t\t<div class=\"elementor-element elementor-element-b5b77c3 elementor-widget elementor-widget-image\" data-id=\"b5b77c3\" data-element_type=\"widget\" data-widget_type=\"image.default\">\n\t\t\t\t<div class=\"elementor-widget-container\">\n\t\t\t\t\t\t\t\t\t\t\t\t\t\t\t<img decoding=\"async\" width=\"1024\" height=\"576\" src=\"https:\/\/metrnametrkwadrat.pl\/wp-content\/uploads\/2025\/02\/Widok-5_1-1-1024x576.jpg\" class=\"attachment-large size-large wp-image-1775\" alt=\"\" srcset=\"https:\/\/metrnametrkwadrat.pl\/wp-content\/uploads\/2025\/02\/Widok-5_1-1-1024x576.jpg 1024w, https:\/\/metrnametrkwadrat.pl\/wp-content\/uploads\/2025\/02\/Widok-5_1-1-300x169.jpg 300w, https:\/\/metrnametrkwadrat.pl\/wp-content\/uploads\/2025\/02\/Widok-5_1-1-768x432.jpg 768w, https:\/\/metrnametrkwadrat.pl\/wp-content\/uploads\/2025\/02\/Widok-5_1-1-1536x864.jpg 1536w, https:\/\/metrnametrkwadrat.pl\/wp-content\/uploads\/2025\/02\/Widok-5_1-1-2048x1152.jpg 2048w\" sizes=\"(max-width: 1024px) 100vw, 1024px\" \/>\t\t\t\t\t\t\t\t\t\t\t\t\t\t\t<\/div>\n\t\t\t\t<\/div>\n\t\t\t\t<div class=\"elementor-element elementor-element-71347d7 elementor-widget elementor-widget-image\" data-id=\"71347d7\" data-element_type=\"widget\" data-widget_type=\"image.default\">\n\t\t\t\t<div class=\"elementor-widget-container\">\n\t\t\t\t\t\t\t\t\t\t\t\t\t\t\t<img decoding=\"async\" width=\"1024\" height=\"576\" src=\"https:\/\/metrnametrkwadrat.pl\/wp-content\/uploads\/2025\/02\/Widok-2_1-1024x576.jpg\" class=\"attachment-large size-large wp-image-1772\" alt=\"\" srcset=\"https:\/\/metrnametrkwadrat.pl\/wp-content\/uploads\/2025\/02\/Widok-2_1-1024x576.jpg 1024w, https:\/\/metrnametrkwadrat.pl\/wp-content\/uploads\/2025\/02\/Widok-2_1-300x169.jpg 300w, https:\/\/metrnametrkwadrat.pl\/wp-content\/uploads\/2025\/02\/Widok-2_1-768x432.jpg 768w, https:\/\/metrnametrkwadrat.pl\/wp-content\/uploads\/2025\/02\/Widok-2_1-1536x864.jpg 1536w, https:\/\/metrnametrkwadrat.pl\/wp-content\/uploads\/2025\/02\/Widok-2_1-2048x1152.jpg 2048w\" sizes=\"(max-width: 1024px) 100vw, 1024px\" \/>\t\t\t\t\t\t\t\t\t\t\t\t\t\t\t<\/div>\n\t\t\t\t<\/div>\n\t\t\t\t<div class=\"elementor-element elementor-element-66554f7 elementor-widget elementor-widget-image\" data-id=\"66554f7\" data-element_type=\"widget\" data-widget_type=\"image.default\">\n\t\t\t\t<div class=\"elementor-widget-container\">\n\t\t\t\t\t\t\t\t\t\t\t\t\t\t\t<img loading=\"lazy\" decoding=\"async\" width=\"1024\" height=\"576\" src=\"https:\/\/metrnametrkwadrat.pl\/wp-content\/uploads\/2025\/02\/Widok-7_1-1024x576.jpg\" class=\"attachment-large size-large wp-image-1777\" alt=\"\" srcset=\"https:\/\/metrnametrkwadrat.pl\/wp-content\/uploads\/2025\/02\/Widok-7_1-1024x576.jpg 1024w, https:\/\/metrnametrkwadrat.pl\/wp-content\/uploads\/2025\/02\/Widok-7_1-300x169.jpg 300w, https:\/\/metrnametrkwadrat.pl\/wp-content\/uploads\/2025\/02\/Widok-7_1-768x432.jpg 768w, https:\/\/metrnametrkwadrat.pl\/wp-content\/uploads\/2025\/02\/Widok-7_1-1536x864.jpg 1536w, https:\/\/metrnametrkwadrat.pl\/wp-content\/uploads\/2025\/02\/Widok-7_1-2048x1152.jpg 2048w\" sizes=\"(max-width: 1024px) 100vw, 1024px\" \/>\t\t\t\t\t\t\t\t\t\t\t\t\t\t\t<\/div>\n\t\t\t\t<\/div>\n\t\t\t\t\t<\/div>\n\t\t\t\t<\/div>\n\t\t<div class=\"elementor-element elementor-element-a84a5d0 e-grid e-con-boxed e-con e-parent\" data-id=\"a84a5d0\" data-element_type=\"container\" data-settings=\"{&quot;background_background&quot;:&quot;classic&quot;}\">\n\t\t\t\t\t<div class=\"e-con-inner\">\n\t\t\t\t\t<\/div>\n\t\t\t\t<\/div>\n\t\t\t\t<\/div>\n\t\t","protected":false},"excerpt":{"rendered":"<p>Zadaniem by\u0142o stwoerzebie lobby hoteloweg, kt\u00f3re mie\u015bci\u0142oby trzy funkcje: bar, poczekalnia na zwolnienie pokoi i przytulna czytelnia dla go\u015bci. G\u0142\u00f3wna ide\u0105 jest naturalne drewno, kt\u00f3re po\u0142\u0105czone z elementami nowoczesnego, jasnego wyposa\u017cenia tworzy bardzo udany kontrast. A nad wszystkim kr\u00f3luje skropmy bar.<\/p>\n","protected":false},"author":1,"featured_media":483,"parent":789,"menu_order":0,"comment_status":"closed","ping_status":"closed","template":"","meta":{"_kadence_starter_templates_imported_post":false,"_kad_post_transparent":"","_kad_post_title":"","_kad_post_layout":"","_kad_post_sidebar_id":"","_kad_post_content_style":"","_kad_post_vertical_padding":"","_kad_post_feature":"","_kad_post_feature_position":"","_kad_post_header":false,"_kad_post_footer":false,"footnotes":""},"class_list":["post-1274","page","type-page","status-publish","has-post-thumbnail","hentry"],"_links":{"self":[{"href":"https:\/\/metrnametrkwadrat.pl\/index.php?rest_route=\/wp\/v2\/pages\/1274","targetHints":{"allow":["GET"]}}],"collection":[{"href":"https:\/\/metrnametrkwadrat.pl\/index.php?rest_route=\/wp\/v2\/pages"}],"about":[{"href":"https:\/\/metrnametrkwadrat.pl\/index.php?rest_route=\/wp\/v2\/types\/page"}],"author":[{"embeddable":true,"href":"https:\/\/metrnametrkwadrat.pl\/index.php?rest_route=\/wp\/v2\/users\/1"}],"replies":[{"embeddable":true,"href":"https:\/\/metrnametrkwadrat.pl\/index.php?rest_route=%2Fwp%2Fv2%2Fcomments&post=1274"}],"version-history":[{"count":15,"href":"https:\/\/metrnametrkwadrat.pl\/index.php?rest_route=\/wp\/v2\/pages\/1274\/revisions"}],"predecessor-version":[{"id":1897,"href":"https:\/\/metrnametrkwadrat.pl\/index.php?rest_route=\/wp\/v2\/pages\/1274\/revisions\/1897"}],"up":[{"embeddable":true,"href":"https:\/\/metrnametrkwadrat.pl\/index.php?rest_route=\/wp\/v2\/pages\/789"}],"wp:featuredmedia":[{"embeddable":true,"href":"https:\/\/metrnametrkwadrat.pl\/index.php?rest_route=\/"}],"wp:attachment":[{"href":"https:\/\/metrnametrkwadrat.pl\/index.php?rest_route=%2Fwp%2Fv2%2Fmedia&parent=1274"}],"curies":[{"name":"wp","href":"https:\/\/api.w.org\/{rel}","templated":true}]}}