{"id":1088,"date":"2025-01-15T12:44:01","date_gmt":"2025-01-15T11:44:01","guid":{"rendered":"https:\/\/metrnametrkwadrat.pl\/?page_id=1088"},"modified":"2025-01-31T12:50:30","modified_gmt":"2025-01-31T11:50:30","slug":"projektowanie-mieszkania-na-wynajem-wszystko-co-musisz-wiedziec","status":"publish","type":"page","link":"https:\/\/metrnametrkwadrat.pl\/?page_id=1088","title":{"rendered":"Projektowanie mieszkania na wynajem \u2013 wszystko, co musisz wiedzie\u0107"},"content":{"rendered":"\t\t<div data-elementor-type=\"wp-page\" data-elementor-id=\"1088\" class=\"elementor elementor-1088\">\n\t\t\t\t<div class=\"elementor-element elementor-element-24be13e e-flex e-con-boxed e-con e-parent\" data-id=\"24be13e\" data-element_type=\"container\" data-settings=\"{&quot;background_background&quot;:&quot;classic&quot;}\">\n\t\t\t\t\t<div class=\"e-con-inner\">\n\t\t\t\t<div class=\"elementor-element elementor-element-c8fe1dd elementor-widget elementor-widget-text-editor\" data-id=\"c8fe1dd\" data-element_type=\"widget\" data-widget_type=\"text-editor.default\">\n\t\t\t\t<div class=\"elementor-widget-container\">\n\t\t\t\t\t\t\t\t\t<p>Przemy\u015blane projektowanie mieszkania na wynajem \u2013 szczeg\u00f3lnie projektowanie ma\u0142ego mieszkania \u2013 to inwestycja we w\u0142asne zarobki z wynajmu, jako \u017ce atrakcyjny wizualnie lokal o funkcjonalnym uk\u0142adzie przyci\u0105ga du\u017c\u0105 grup\u0119 odbiorc\u00f3w i uzasadnia wy\u017cszy koszt wynajmu wzgl\u0119dem mieszka\u0144 o podobnej wielko\u015bci w tej samej lokalizacji. Pytanie tylko, jak zabra\u0107 si\u0119 za projektowanie mieszkania na wynajem, \u017ceby odnie\u015b\u0107 oczekiwany skutek. W dzisiejszym poradniku zajmiemy si\u0119 podstawowymi kwestiami, kt\u00f3re trzeba przemy\u015ble\u0107. Zapraszamy!<\/p><p class=\"has-larger-font-size\">Projektowanie mieszkania pod konkretn\u0105 grup\u0119 docelow\u0105<\/p><p>Specjali\u015bci z bran\u017cy projektowania i aran\u017cacji wn\u0119trz, tacy jak\u00a0<a href=\"https:\/\/metrnametrkwadrat.pl\/\" data-type=\"link\" data-id=\"https:\/\/metrnametrkwadrat.pl\/\">Metrnametrkwadrat Architekci<\/a>, doskonale wiedz\u0105, i\u017c projektowanie mieszkania nie odbywa si\u0119 \u201etak po prostu\u201d, lecz pod okre\u015blon\u0105 grup\u0119 odbiorc\u00f3w. Nie istniej\u0105 bowiem uniwersalne projekty, kt\u00f3re przypadn\u0105 do gustu ka\u017cdemu \u2013 nawet standardowe pokoje hotelowe jednemu go\u015bciowi odpowiadaj\u0105, innemu nie. Projektowanie mieszkania na wynajem wymaga zatem przemy\u015blenia, do jakiej grupy odbiorczej b\u0119dzie skierowana oferta wynajmu. Je\u017celi lokal po\u0142o\u017cony jest nieopodal uczelni, by\u0107 mo\u017ce b\u0119d\u0105 to studenci. Je\u015bli mieszkanie znajduje si\u0119 w cichej okolicy pe\u0142nej m\u0142odych rodzin, by\u0107 mo\u017ce to w\u0142a\u015bnie m\u0142ode pary z dzie\u0107mi maj\u0105 korzysta\u0107 z Twojego wynajmu.<\/p><p>Finalnie projektowanie mieszkania na wynajem wp\u0142ywa zar\u00f3wno na wygl\u0105d i funkcjonalno\u015b\u0107 wn\u0119trz, jak i na ostateczny koszt. Studenci nie potrzebuj\u0105 luksus\u00f3w \u2013 wa\u017cniejsze s\u0105 dla nich niska cena wynajmu i praktyczne rozwi\u0105zania. Biznesmeni potrzebuj\u0105 dobrze zaprojektowanego biura i ergonomicznych mebli. Rodziny \u2013 przytulnego salonu i funkcjonalnej kuchni. W przypadku tych ostatnich trzeba uwa\u017ca\u0107 na materia\u0142y i dekoracje, aby by\u0142y przyjazne dzieciom i zwierz\u0119tom.<\/p><p class=\"has-larger-font-size\">Projektowanie funkcjonalne, zw\u0142aszcza projektowanie ma\u0142ego mieszkania<\/p><p>Funkcjonalne projektowanie wn\u0119trz mieszka\u0144, w tym szczeg\u00f3lnie projektowanie wn\u0119trz ma\u0142ych mieszka\u0144, wymaga efektywnego wykorzystania przestrzeni. W\u015br\u00f3d popularnych rozwi\u0105za\u0144 znajduj\u0105 si\u0119 meble na wymiar do\u00a0kuchni\u00a0i<a href=\"https:\/\/nivaarchitekci.pl\/projekty\/lazienki\/\">\u00a0<\/a>\u0142azienki, dobrze wpisuj\u0105ce si\u0119 w ciasn\u0105 przestrze\u0144. W kuchni dodatkowo nale\u017cy pami\u0119ta\u0107 o tr\u00f3jk\u0105cie roboczym, czyli zachowaniu zbli\u017conych odleg\u0142o\u015bci pomi\u0119dzy lod\u00f3wk\u0105 (stref\u0105 przechowywania \u017cywno\u015bci), zlewem (stref\u0105 mycia) a kuchenk\u0105 (stref\u0105 gotowania).<\/p><p>Przy projektowaniu salonu w mieszkaniu, zw\u0142aszcza ma\u0142ym, warto rozwa\u017cy\u0107 po\u0142\u0105czenie tego pomieszczenia z kuchni\u0105, czyli zrobienie otwartej kuchni. Wprost przeciwn\u0105 zasad\u0105 trzeba si\u0119 kierowa\u0107, projektuj\u0105c \u0142azienki (czasem lepsze s\u0105 dwie osobne, np. w \u015brednich i du\u017cych mieszkaniach) i sypialnie (ka\u017cdy mieszkaniec powinien m\u00f3c zachowa\u0107 prywatno\u015b\u0107).<\/p><p class=\"has-larger-font-size\">Projektowanie wn\u0119trz mieszka\u0144 a meble, sprz\u0119ty i dekoracje<\/p><p>Elementem\u00a0<a href=\"https:\/\/metrnametrkwadrat.pl\/?page_id=789\" data-type=\"link\" data-id=\"https:\/\/metrnametrkwadrat.pl\/?page_id=789\">projektowania wn\u0119trz mieszka\u0144<\/a>\u00a0na wynajem jest wyb\u00f3r odpowiednich przedmiot\u00f3w, kt\u00f3re znajd\u0105 si\u0119 w \u015brodku. Je\u015bli chodzi o meble, trzeba przemy\u015ble\u0107 aspekty takie jak styl, kolor, ilo\u015b\u0107, materia\u0142 wykonania, cena. Jasne barwy s\u0105 bardziej neutralne ni\u017c kolory, wi\u0119c da si\u0119 je zestawi\u0107 z wi\u0119ksz\u0105 r\u00f3\u017cnorodno\u015bci\u0105 element\u00f3w, jednak\u017ce jasne meble s\u0105 trudniejsze do utrzymania w nienagannej czysto\u015bci, wi\u0119c mog\u0105 nie by\u0107 najlepsze, je\u015bli chcesz wynajmowa\u0107 mieszkanie rodzinom z ma\u0142ymi dzie\u0107mi b\u0105d\u017a w\u0142a\u015bcicielom zwierz\u0105t.<\/p><p>W mieszkaniu powinny znale\u017a\u0107 si\u0119 podstawowe sprz\u0119ty takie jak lod\u00f3wka, pralka, kuchenka z piekarnikiem. Ich estetyka i rozmiar musz\u0105 zosta\u0107 uwzgl\u0119dnione w trakcie projektowania wygl\u0105du mieszkania. Cho\u0107 b\u0119dzie si\u0119 to wi\u0105za\u0142o z poniesieniem wi\u0119kszego kosztu pocz\u0105tkowego, warto wybra\u0107 sprz\u0119ty dobrej jako\u015bci i wysokiej klasy energetycznej \u2013 pozwoli to na d\u0142ugofalowe oszcz\u0119dno\u015bci i uchroni Ci\u0119 przed cz\u0119st\u0105 wymian\u0105 sprz\u0119tu ze wzgl\u0119du na uszkodzenie czy zu\u017cycie.<\/p><p>Si\u0119gaj te\u017c po rozwi\u0105zania praktyczne: panele o wysokiej klasie \u015bcieralno\u015bci b\u0105d\u017a p\u0142ytki, zmywalne farby na \u015bcianach, laminowane blaty, o\u015bwietlenie LED, nowoczesne okna z bardzo dobr\u0105 izolacj\u0105 termiczn\u0105, zamki antyw\u0142amaniowe. Niby to drobnostki, ale s\u0105 kluczowe podczas projektowania mieszkania na wynajem.<\/p><p class=\"has-larger-font-size\">Projektowanie mieszka\u0144 S\u0142upsk, Gdynia, Gda\u0144sk, Elbl\u0105g \u2013 Metrnametrkwadrat Architekci<\/p><p>Je\u017celi nigdy wcze\u015bniej samodzielnie nie projektowa\u0142e\u015b wn\u0119trz, zdaj si\u0119 na nas.\u00a0<a href=\"https:\/\/metrnametrkwadrat.pl\/?page_id=789\" data-type=\"link\" data-id=\"https:\/\/metrnametrkwadrat.pl\/?page_id=789\">Profesjonalne projektowanie mieszkania<\/a>\u00a0na wynajem to nasza specjalno\u015b\u0107. Pomo\u017cemy Ci z ustaleniem grupy docelowej lokalu i dobierzemy do niej najlepsze rozwi\u0105zania pod wzgl\u0119dem jako\u015bci, ceny i rodzaju. Oferujemy zar\u00f3wno projektowanie wn\u0119trz ma\u0142ych mieszka\u0144 z naciskiem na funkcjonalno\u015b\u0107, jak i projektowanie wn\u0119trz dom\u00f3w i mieszka\u0144 o przestrzeni licz\u0105cej 100 m2 lub wi\u0119cej.<\/p><p>Nasze rejony to:<\/p><ul class=\"wp-block-list\"><li>projektowanie mieszka\u0144 Gda\u0144sk i okolice,<\/li><li>projektowanie mieszka\u0144 Gdynia i okolice,<\/li><li>projektowanie mieszka\u0144 S\u0142upsk i okolice,<\/li><li>projektowanie mieszka\u0144 Elbl\u0105g i okolice.<\/li><\/ul><p>Je\u017celi jednak zale\u017cy Ci na projektowaniu wygl\u0105du mieszkania na wynajem w innym regionie w\u0142a\u015bnie przez <a href=\"https:\/\/metrnametrkwadrat.pl\/\">Metrnametrkwadrat Architekt\u00f3w<\/a>, zg\u0142o\u015b si\u0119 do nas \u2013 przygotujemy indywidualn\u0105 ofert\u0119.<\/p><p>Z nami projektowanie mieszkania na wynajem to pestka!<\/p>\t\t\t\t\t\t\t\t<\/div>\n\t\t\t\t<\/div>\n\t\t\t\t\t<\/div>\n\t\t\t\t<\/div>\n\t\t\t\t<\/div>\n\t\t","protected":false},"excerpt":{"rendered":"<p>Przemy\u015blane projektowanie mieszkania na wynajem \u2013 szczeg\u00f3lnie projektowanie ma\u0142ego mieszkania \u2013 to inwestycja we w\u0142asne zarobki z wynajmu, jako \u017ce atrakcyjny wizualnie lokal o funkcjonalnym uk\u0142adzie przyci\u0105ga du\u017c\u0105 grup\u0119 odbiorc\u00f3w i uzasadnia wy\u017cszy koszt wynajmu wzgl\u0119dem mieszka\u0144 o podobnej wielko\u015bci w tej samej lokalizacji. Pytanie tylko, jak zabra\u0107 si\u0119 za projektowanie mieszkania na wynajem, \u017ceby&#8230;<\/p>\n","protected":false},"author":1,"featured_media":483,"parent":0,"menu_order":0,"comment_status":"closed","ping_status":"closed","template":"","meta":{"_kadence_starter_templates_imported_post":false,"_kad_post_transparent":"","_kad_post_title":"","_kad_post_layout":"","_kad_post_sidebar_id":"","_kad_post_content_style":"","_kad_post_vertical_padding":"","_kad_post_feature":"","_kad_post_feature_position":"","_kad_post_header":false,"_kad_post_footer":false,"footnotes":""},"class_list":["post-1088","page","type-page","status-publish","has-post-thumbnail","hentry"],"_links":{"self":[{"href":"https:\/\/metrnametrkwadrat.pl\/index.php?rest_route=\/wp\/v2\/pages\/1088","targetHints":{"allow":["GET"]}}],"collection":[{"href":"https:\/\/metrnametrkwadrat.pl\/index.php?rest_route=\/wp\/v2\/pages"}],"about":[{"href":"https:\/\/metrnametrkwadrat.pl\/index.php?rest_route=\/wp\/v2\/types\/page"}],"author":[{"embeddable":true,"href":"https:\/\/metrnametrkwadrat.pl\/index.php?rest_route=\/wp\/v2\/users\/1"}],"replies":[{"embeddable":true,"href":"https:\/\/metrnametrkwadrat.pl\/index.php?rest_route=%2Fwp%2Fv2%2Fcomments&post=1088"}],"version-history":[{"count":17,"href":"https:\/\/metrnametrkwadrat.pl\/index.php?rest_route=\/wp\/v2\/pages\/1088\/revisions"}],"predecessor-version":[{"id":1586,"href":"https:\/\/metrnametrkwadrat.pl\/index.php?rest_route=\/wp\/v2\/pages\/1088\/revisions\/1586"}],"wp:featuredmedia":[{"embeddable":true,"href":"https:\/\/metrnametrkwadrat.pl\/index.php?rest_route=\/"}],"wp:attachment":[{"href":"https:\/\/metrnametrkwadrat.pl\/index.php?rest_route=%2Fwp%2Fv2%2Fmedia&parent=1088"}],"curies":[{"name":"wp","href":"https:\/\/api.w.org\/{rel}","templated":true}]}}